{"id":368,"date":"2013-01-22T00:06:42","date_gmt":"2013-01-21T22:06:42","guid":{"rendered":"https:\/\/baltictrophy.com\/et\/pakkumised\/"},"modified":"2023-01-10T18:15:22","modified_gmt":"2023-01-10T16:15:22","slug":"jahiajad","status":"publish","type":"page","link":"https:\/\/baltictrophy.com\/et\/jahiajad\/","title":{"rendered":"Videograaf"},"content":{"rendered":"<p>&nbsp;<\/p>\n<p>&nbsp;<\/p>\n<h3><span style=\"color: #ff9900;\">BalticTrophy pakub jahikorraldusteenuse k\u00f5rval ka videograafi teenust reklaamide, uudiste ja l\u00fchifilmide tegemiseks ning s\u00fcndmuste j\u00e4\u00e4dvustamiseks nagu pulmad ja suvep\u00e4evad. <\/span><\/h3>\n<h4><strong><span style=\"color: #ff9900;\">K\u00fcsi infot <a style=\"font-size: 16px; color: #ff9900;\" href=\"https:\/\/baltictrophy.com\/et\/hinnaparing\/\">hinnap\u00e4ringu<\/a><span style=\"font-size: 16px;\"> vormi kaudu!<\/span><\/span><\/strong><\/h4>\n<p><span style=\"color: #ff9900;\">Porfoolio n\u00e4ited:<\/span><\/p>\n<p>Pulmavideo<\/p>\n<p><iframe loading=\"lazy\" title=\"Sigrit &amp; Heigo 17.08.2019\" width=\"500\" height=\"281\" src=\"https:\/\/www.youtube.com\/embed\/AdU__ZqFkaA?feature=oembed\" frameborder=\"0\" allow=\"accelerometer; autoplay; clipboard-write; encrypted-media; gyroscope; picture-in-picture; web-share\" referrerpolicy=\"strict-origin-when-cross-origin\" allowfullscreen><\/iframe><\/p>\n<p>Suvep\u00e4evad<\/p>\n<p><iframe loading=\"lazy\" title=\"Jahimeeste kokkutulek 2022\" width=\"500\" height=\"281\" src=\"https:\/\/www.youtube.com\/embed\/5YQUi1uXeYU?feature=oembed\" frameborder=\"0\" allow=\"accelerometer; autoplay; clipboard-write; encrypted-media; gyroscope; picture-in-picture; web-share\" referrerpolicy=\"strict-origin-when-cross-origin\" allowfullscreen><\/iframe><\/p>\n<p>Reklaamvideod<\/p>\n<p><iframe loading=\"lazy\" title=\"Baltic Agro lupjamisteenus\" width=\"500\" height=\"281\" src=\"https:\/\/www.youtube.com\/embed\/Er4W-rhjLZQ?feature=oembed\" frameborder=\"0\" allow=\"accelerometer; autoplay; clipboard-write; encrypted-media; gyroscope; picture-in-picture; web-share\" referrerpolicy=\"strict-origin-when-cross-origin\" allowfullscreen><\/iframe><\/p>\n","protected":false},"excerpt":{"rendered":"<p>&nbsp; &nbsp; BalticTrophy pakub jahikorraldusteenuse k\u00f5rval ka videograafi teenust reklaamide, uudiste ja l\u00fchifilmide tegemiseks ning s\u00fcndmuste j\u00e4\u00e4dvustamiseks nagu pulmad ja suvep\u00e4evad. K\u00fcsi infot hinnap\u00e4ringu vormi kaudu! Porfoolio n\u00e4ited: Pulmavideo Suvep\u00e4evad [&hellip;]<\/p>\n","protected":false},"author":2,"featured_media":0,"parent":0,"menu_order":0,"comment_status":"open","ping_status":"open","template":"","meta":{"ngg_post_thumbnail":0,"footnotes":""},"class_list":["post-368","page","type-page","status-publish","hentry"],"yoast_head":"<!-- This site is optimized with the Yoast SEO plugin v26.5 - https:\/\/yoast.com\/wordpress\/plugins\/seo\/ -->\n<title>Videograaf - Baltic Trophy<\/title>\n<meta name=\"robots\" content=\"index, follow, max-snippet:-1, max-image-preview:large, max-video-preview:-1\" \/>\n<link rel=\"canonical\" href=\"https:\/\/baltictrophy.com\/et\/jahiajad\/\" \/>\n<meta property=\"og:locale\" content=\"et_EE\" \/>\n<meta property=\"og:type\" content=\"article\" \/>\n<meta property=\"og:title\" content=\"Videograaf - Baltic Trophy\" \/>\n<meta property=\"og:description\" content=\"&nbsp; &nbsp; BalticTrophy pakub jahikorraldusteenuse k\u00f5rval ka videograafi teenust reklaamide, uudiste ja l\u00fchifilmide tegemiseks ning s\u00fcndmuste j\u00e4\u00e4dvustamiseks nagu pulmad ja suvep\u00e4evad. K\u00fcsi infot hinnap\u00e4ringu vormi kaudu! Porfoolio n\u00e4ited: Pulmavideo Suvep\u00e4evad [&hellip;]\" \/>\n<meta property=\"og:url\" content=\"https:\/\/baltictrophy.com\/et\/jahiajad\/\" \/>\n<meta property=\"og:site_name\" content=\"Baltic Trophy\" \/>\n<meta property=\"article:modified_time\" content=\"2023-01-10T16:15:22+00:00\" \/>\n<meta name=\"twitter:card\" content=\"summary_large_image\" \/>\n<meta name=\"twitter:label1\" content=\"Est. reading time\" \/>\n\t<meta name=\"twitter:data1\" content=\"1 minut\" \/>\n<script type=\"application\/ld+json\" class=\"yoast-schema-graph\">{\"@context\":\"https:\/\/schema.org\",\"@graph\":[{\"@type\":\"WebPage\",\"@id\":\"https:\/\/baltictrophy.com\/et\/jahiajad\/\",\"url\":\"https:\/\/baltictrophy.com\/et\/jahiajad\/\",\"name\":\"Videograaf - Baltic Trophy\",\"isPartOf\":{\"@id\":\"https:\/\/www.baltictrophy.com\/#website\"},\"datePublished\":\"2013-01-21T22:06:42+00:00\",\"dateModified\":\"2023-01-10T16:15:22+00:00\",\"breadcrumb\":{\"@id\":\"https:\/\/baltictrophy.com\/et\/jahiajad\/#breadcrumb\"},\"inLanguage\":\"et\",\"potentialAction\":[{\"@type\":\"ReadAction\",\"target\":[\"https:\/\/baltictrophy.com\/et\/jahiajad\/\"]}]},{\"@type\":\"BreadcrumbList\",\"@id\":\"https:\/\/baltictrophy.com\/et\/jahiajad\/#breadcrumb\",\"itemListElement\":[{\"@type\":\"ListItem\",\"position\":1,\"name\":\"Home\",\"item\":\"https:\/\/baltictrophy.com\/et\/\"},{\"@type\":\"ListItem\",\"position\":2,\"name\":\"Videograaf\"}]},{\"@type\":\"WebSite\",\"@id\":\"https:\/\/www.baltictrophy.com\/#website\",\"url\":\"https:\/\/www.baltictrophy.com\/\",\"name\":\"Baltic Trophy\",\"description\":\"\",\"potentialAction\":[{\"@type\":\"SearchAction\",\"target\":{\"@type\":\"EntryPoint\",\"urlTemplate\":\"https:\/\/www.baltictrophy.com\/?s={search_term_string}\"},\"query-input\":{\"@type\":\"PropertyValueSpecification\",\"valueRequired\":true,\"valueName\":\"search_term_string\"}}],\"inLanguage\":\"et\"}]}<\/script>\n<!-- \/ Yoast SEO plugin. -->","yoast_head_json":{"title":"Videograaf - Baltic Trophy","robots":{"index":"index","follow":"follow","max-snippet":"max-snippet:-1","max-image-preview":"max-image-preview:large","max-video-preview":"max-video-preview:-1"},"canonical":"https:\/\/baltictrophy.com\/et\/jahiajad\/","og_locale":"et_EE","og_type":"article","og_title":"Videograaf - Baltic Trophy","og_description":"&nbsp; &nbsp; BalticTrophy pakub jahikorraldusteenuse k\u00f5rval ka videograafi teenust reklaamide, uudiste ja l\u00fchifilmide tegemiseks ning s\u00fcndmuste j\u00e4\u00e4dvustamiseks nagu pulmad ja suvep\u00e4evad. K\u00fcsi infot hinnap\u00e4ringu vormi kaudu! Porfoolio n\u00e4ited: Pulmavideo Suvep\u00e4evad [&hellip;]","og_url":"https:\/\/baltictrophy.com\/et\/jahiajad\/","og_site_name":"Baltic Trophy","article_modified_time":"2023-01-10T16:15:22+00:00","twitter_card":"summary_large_image","twitter_misc":{"Est. reading time":"1 minut"},"schema":{"@context":"https:\/\/schema.org","@graph":[{"@type":"WebPage","@id":"https:\/\/baltictrophy.com\/et\/jahiajad\/","url":"https:\/\/baltictrophy.com\/et\/jahiajad\/","name":"Videograaf - Baltic Trophy","isPartOf":{"@id":"https:\/\/www.baltictrophy.com\/#website"},"datePublished":"2013-01-21T22:06:42+00:00","dateModified":"2023-01-10T16:15:22+00:00","breadcrumb":{"@id":"https:\/\/baltictrophy.com\/et\/jahiajad\/#breadcrumb"},"inLanguage":"et","potentialAction":[{"@type":"ReadAction","target":["https:\/\/baltictrophy.com\/et\/jahiajad\/"]}]},{"@type":"BreadcrumbList","@id":"https:\/\/baltictrophy.com\/et\/jahiajad\/#breadcrumb","itemListElement":[{"@type":"ListItem","position":1,"name":"Home","item":"https:\/\/baltictrophy.com\/et\/"},{"@type":"ListItem","position":2,"name":"Videograaf"}]},{"@type":"WebSite","@id":"https:\/\/www.baltictrophy.com\/#website","url":"https:\/\/www.baltictrophy.com\/","name":"Baltic Trophy","description":"","potentialAction":[{"@type":"SearchAction","target":{"@type":"EntryPoint","urlTemplate":"https:\/\/www.baltictrophy.com\/?s={search_term_string}"},"query-input":{"@type":"PropertyValueSpecification","valueRequired":true,"valueName":"search_term_string"}}],"inLanguage":"et"}]}},"_links":{"self":[{"href":"https:\/\/baltictrophy.com\/et\/wp-json\/wp\/v2\/pages\/368","targetHints":{"allow":["GET"]}}],"collection":[{"href":"https:\/\/baltictrophy.com\/et\/wp-json\/wp\/v2\/pages"}],"about":[{"href":"https:\/\/baltictrophy.com\/et\/wp-json\/wp\/v2\/types\/page"}],"author":[{"embeddable":true,"href":"https:\/\/baltictrophy.com\/et\/wp-json\/wp\/v2\/users\/2"}],"replies":[{"embeddable":true,"href":"https:\/\/baltictrophy.com\/et\/wp-json\/wp\/v2\/comments?post=368"}],"version-history":[{"count":5,"href":"https:\/\/baltictrophy.com\/et\/wp-json\/wp\/v2\/pages\/368\/revisions"}],"predecessor-version":[{"id":912,"href":"https:\/\/baltictrophy.com\/et\/wp-json\/wp\/v2\/pages\/368\/revisions\/912"}],"wp:attachment":[{"href":"https:\/\/baltictrophy.com\/et\/wp-json\/wp\/v2\/media?parent=368"}],"curies":[{"name":"wp","href":"https:\/\/api.w.org\/{rel}","templated":true}]}}