{"id":352,"date":"2013-01-22T00:00:57","date_gmt":"2013-01-21T22:00:57","guid":{"rendered":"https:\/\/baltictrophy.com\/?page_id=352&#038;lang=et"},"modified":"2023-01-04T14:58:41","modified_gmt":"2023-01-04T12:58:41","slug":"meist","status":"publish","type":"page","link":"https:\/\/baltictrophy.com\/et\/meist\/","title":{"rendered":"Meist"},"content":{"rendered":"<p>&nbsp;<\/p>\n<h3><span style=\"color: #ff9900;\"><em style=\"text-align: justify; font-size: 16px;\">BalticTrophy&nbsp; pakub jahikorraldusteenust ja tegeleb filmide, uudiste ja loodusvideote tootmisega. Samuti pakub videograafi teenust erinevatele s\u00fcndmustele.<\/em><\/span><\/h3>\n<h3>Vaata meie tehtud t\u00f6id Youtube kanalist:<a href=\"https:\/\/www.youtube.com\/channel\/UCqJGQXsKMxvRzNhZJmJFkrw\">SIIT <\/a><\/h3>\n<h3>K\u00fcsi julgelt infot saates e-kiri <a href=\"mailto:info@baltictrophy.com\">info(at)baltictrophy.com<\/a> v\u00f5i helistades +372 51 474 53<\/h3>\n<h3 style=\"text-align: justify;\">&nbsp;<\/h3>\n","protected":false},"excerpt":{"rendered":"<p>&nbsp; BalticTrophy&nbsp; pakub jahikorraldusteenust ja tegeleb filmide, uudiste ja loodusvideote tootmisega. Samuti pakub videograafi teenust erinevatele s\u00fcndmustele. Vaata meie tehtud t\u00f6id Youtube kanalist:SIIT K\u00fcsi julgelt infot saates e-kiri info(at)baltictrophy.com v\u00f5i [&hellip;]<\/p>\n","protected":false},"author":2,"featured_media":0,"parent":0,"menu_order":0,"comment_status":"open","ping_status":"open","template":"","meta":{"ngg_post_thumbnail":0,"footnotes":""},"class_list":["post-352","page","type-page","status-publish","hentry"],"yoast_head":"<!-- This site is optimized with the Yoast SEO plugin v26.5 - https:\/\/yoast.com\/wordpress\/plugins\/seo\/ -->\n<title>Meist - Baltic Trophy<\/title>\n<meta name=\"robots\" content=\"index, follow, max-snippet:-1, max-image-preview:large, max-video-preview:-1\" \/>\n<link rel=\"canonical\" href=\"https:\/\/baltictrophy.com\/et\/meist\/\" \/>\n<meta property=\"og:locale\" content=\"et_EE\" \/>\n<meta property=\"og:type\" content=\"article\" \/>\n<meta property=\"og:title\" content=\"Meist - Baltic Trophy\" \/>\n<meta property=\"og:description\" content=\"&nbsp; BalticTrophy&nbsp; pakub jahikorraldusteenust ja tegeleb filmide, uudiste ja loodusvideote tootmisega. Samuti pakub videograafi teenust erinevatele s\u00fcndmustele. Vaata meie tehtud t\u00f6id Youtube kanalist:SIIT K\u00fcsi julgelt infot saates e-kiri info(at)baltictrophy.com v\u00f5i [&hellip;]\" \/>\n<meta property=\"og:url\" content=\"https:\/\/baltictrophy.com\/et\/meist\/\" \/>\n<meta property=\"og:site_name\" content=\"Baltic Trophy\" \/>\n<meta property=\"article:modified_time\" content=\"2023-01-04T12:58:41+00:00\" \/>\n<meta name=\"twitter:card\" content=\"summary_large_image\" \/>\n<meta name=\"twitter:label1\" content=\"Est. reading time\" \/>\n\t<meta name=\"twitter:data1\" content=\"1 minut\" \/>\n<script type=\"application\/ld+json\" class=\"yoast-schema-graph\">{\"@context\":\"https:\/\/schema.org\",\"@graph\":[{\"@type\":\"WebPage\",\"@id\":\"https:\/\/baltictrophy.com\/et\/meist\/\",\"url\":\"https:\/\/baltictrophy.com\/et\/meist\/\",\"name\":\"Meist - Baltic Trophy\",\"isPartOf\":{\"@id\":\"https:\/\/www.baltictrophy.com\/#website\"},\"datePublished\":\"2013-01-21T22:00:57+00:00\",\"dateModified\":\"2023-01-04T12:58:41+00:00\",\"breadcrumb\":{\"@id\":\"https:\/\/baltictrophy.com\/et\/meist\/#breadcrumb\"},\"inLanguage\":\"et\",\"potentialAction\":[{\"@type\":\"ReadAction\",\"target\":[\"https:\/\/baltictrophy.com\/et\/meist\/\"]}]},{\"@type\":\"BreadcrumbList\",\"@id\":\"https:\/\/baltictrophy.com\/et\/meist\/#breadcrumb\",\"itemListElement\":[{\"@type\":\"ListItem\",\"position\":1,\"name\":\"Home\",\"item\":\"https:\/\/baltictrophy.com\/et\/\"},{\"@type\":\"ListItem\",\"position\":2,\"name\":\"Meist\"}]},{\"@type\":\"WebSite\",\"@id\":\"https:\/\/www.baltictrophy.com\/#website\",\"url\":\"https:\/\/www.baltictrophy.com\/\",\"name\":\"Baltic Trophy\",\"description\":\"\",\"potentialAction\":[{\"@type\":\"SearchAction\",\"target\":{\"@type\":\"EntryPoint\",\"urlTemplate\":\"https:\/\/www.baltictrophy.com\/?s={search_term_string}\"},\"query-input\":{\"@type\":\"PropertyValueSpecification\",\"valueRequired\":true,\"valueName\":\"search_term_string\"}}],\"inLanguage\":\"et\"}]}<\/script>\n<!-- \/ Yoast SEO plugin. -->","yoast_head_json":{"title":"Meist - Baltic Trophy","robots":{"index":"index","follow":"follow","max-snippet":"max-snippet:-1","max-image-preview":"max-image-preview:large","max-video-preview":"max-video-preview:-1"},"canonical":"https:\/\/baltictrophy.com\/et\/meist\/","og_locale":"et_EE","og_type":"article","og_title":"Meist - Baltic Trophy","og_description":"&nbsp; BalticTrophy&nbsp; pakub jahikorraldusteenust ja tegeleb filmide, uudiste ja loodusvideote tootmisega. Samuti pakub videograafi teenust erinevatele s\u00fcndmustele. Vaata meie tehtud t\u00f6id Youtube kanalist:SIIT K\u00fcsi julgelt infot saates e-kiri info(at)baltictrophy.com v\u00f5i [&hellip;]","og_url":"https:\/\/baltictrophy.com\/et\/meist\/","og_site_name":"Baltic Trophy","article_modified_time":"2023-01-04T12:58:41+00:00","twitter_card":"summary_large_image","twitter_misc":{"Est. reading time":"1 minut"},"schema":{"@context":"https:\/\/schema.org","@graph":[{"@type":"WebPage","@id":"https:\/\/baltictrophy.com\/et\/meist\/","url":"https:\/\/baltictrophy.com\/et\/meist\/","name":"Meist - Baltic Trophy","isPartOf":{"@id":"https:\/\/www.baltictrophy.com\/#website"},"datePublished":"2013-01-21T22:00:57+00:00","dateModified":"2023-01-04T12:58:41+00:00","breadcrumb":{"@id":"https:\/\/baltictrophy.com\/et\/meist\/#breadcrumb"},"inLanguage":"et","potentialAction":[{"@type":"ReadAction","target":["https:\/\/baltictrophy.com\/et\/meist\/"]}]},{"@type":"BreadcrumbList","@id":"https:\/\/baltictrophy.com\/et\/meist\/#breadcrumb","itemListElement":[{"@type":"ListItem","position":1,"name":"Home","item":"https:\/\/baltictrophy.com\/et\/"},{"@type":"ListItem","position":2,"name":"Meist"}]},{"@type":"WebSite","@id":"https:\/\/www.baltictrophy.com\/#website","url":"https:\/\/www.baltictrophy.com\/","name":"Baltic Trophy","description":"","potentialAction":[{"@type":"SearchAction","target":{"@type":"EntryPoint","urlTemplate":"https:\/\/www.baltictrophy.com\/?s={search_term_string}"},"query-input":{"@type":"PropertyValueSpecification","valueRequired":true,"valueName":"search_term_string"}}],"inLanguage":"et"}]}},"_links":{"self":[{"href":"https:\/\/baltictrophy.com\/et\/wp-json\/wp\/v2\/pages\/352","targetHints":{"allow":["GET"]}}],"collection":[{"href":"https:\/\/baltictrophy.com\/et\/wp-json\/wp\/v2\/pages"}],"about":[{"href":"https:\/\/baltictrophy.com\/et\/wp-json\/wp\/v2\/types\/page"}],"author":[{"embeddable":true,"href":"https:\/\/baltictrophy.com\/et\/wp-json\/wp\/v2\/users\/2"}],"replies":[{"embeddable":true,"href":"https:\/\/baltictrophy.com\/et\/wp-json\/wp\/v2\/comments?post=352"}],"version-history":[{"count":5,"href":"https:\/\/baltictrophy.com\/et\/wp-json\/wp\/v2\/pages\/352\/revisions"}],"predecessor-version":[{"id":902,"href":"https:\/\/baltictrophy.com\/et\/wp-json\/wp\/v2\/pages\/352\/revisions\/902"}],"wp:attachment":[{"href":"https:\/\/baltictrophy.com\/et\/wp-json\/wp\/v2\/media?parent=352"}],"curies":[{"name":"wp","href":"https:\/\/api.w.org\/{rel}","templated":true}]}}